{"id":729,"date":"2025-05-26T08:59:35","date_gmt":"2025-05-26T01:59:35","guid":{"rendered":"https:\/\/nhamaymem.click\/?post_type=product&#038;p=729"},"modified":"2025-12-08T13:42:49","modified_gmt":"2025-12-08T06:42:49","slug":"gau-bong-meo-xanh-la","status":"publish","type":"product","link":"https:\/\/nhamaymem.click\/?product=gau-bong-meo-xanh-la","title":{"rendered":"B\u00e9 G\u1ea5u Panda M\u0169m M\u1ec9m"},"content":{"rendered":"<h4 data-start=\"269\" data-end=\"329\">G\u1ea5u B\u00f4ng Panda \u0111\u00e1ng y\u00eau \u2013 G\u1ea5u B\u00f4ng L\u1ea1 M\u1eaft, Si\u00eau M\u1ec1m M\u1ea1i Cho B\u00e9 Y\u00eau!<\/h4>\n<p data-start=\"331\" data-end=\"661\"><strong>G\u1ea5u B\u00f4ng Panda \u0111\u00e1ng y\u00eau\u00a0<\/strong> l\u00e0 m\u1ed9t thi\u1ebft k\u1ebf m\u1edbi l\u1ea1 v\u00e0 \u0111\u00e1ng y\u00eau \u0111\u1ebfn t\u1eeb <strong data-start=\"398\" data-end=\"413\">Nh\u00e0 M\u00e2y M\u1ec1m<\/strong>, mang s\u1eafc xanh t\u01b0\u01a1i m\u00e1t c\u00f9ng ch\u1ea5t li\u1ec7u nhung m\u1ecbn c\u1ef1c k\u1ef3 m\u1ec1m m\u1ea1i. V\u1edbi h\u00ecnh d\u00e1ng m\u00e8o \u0111\u1ea7u tr\u00f2n m\u00e1 ph\u00fang ph\u00ednh v\u00e0 chi\u1ebfc \u0111u\u00f4i d\u00e0i m\u1ec1m m\u1ea1i, s\u1ea3n ph\u1ea9m n\u00e0y kh\u00f4ng ch\u1ec9 l\u00e0 m\u00f3n \u0111\u1ed3 ch\u01a1i th\u00e2n thi\u1ec7n v\u1edbi b\u00e9 m\u00e0 c\u00f2n l\u00e0 m\u00f3n qu\u00e0 trang tr\u00ed d\u1ec5 th\u01b0\u01a1ng cho m\u1ecdi kh\u00f4ng gian.<\/p>\n<p data-start=\"663\" data-end=\"824\">Thi\u1ebft k\u1ebf nh\u1ecf g\u1ecdn, an to\u00e0n v\u00e0 d\u1ec5 v\u1ec7 sinh gi\u00fap b\u00e9 c\u00f3 th\u1ec3 \u00f4m ng\u1ee7, ch\u01a1i \u0111\u00f9a ho\u1eb7c mang theo m\u1ecdi n\u01a1i. Ch\u1ea5t li\u1ec7u 100% kh\u00f4ng g\u00e2y k\u00edch \u1ee9ng da, ph\u00f9 h\u1ee3p v\u1edbi c\u1ea3 tr\u1ebb s\u01a1 sinh.<\/p>\n<h3 data-start=\"831\" data-end=\"858\"><strong data-start=\"838\" data-end=\"858\">\u01afu \u0111i\u1ec3m n\u1ed5i b\u1eadt:<\/strong><\/h3>\n<ul data-start=\"860\" data-end=\"1068\">\n<li data-start=\"860\" data-end=\"912\">\n<p data-start=\"862\" data-end=\"912\">\u00a0Ch\u1ea5t li\u1ec7u v\u1ea3i nhung H\u00e0n cao c\u1ea5p \u2013 si\u00eau m\u1ec1m m\u1ecbn<\/p>\n<\/li>\n<li data-start=\"913\" data-end=\"957\">\n<p data-start=\"915\" data-end=\"957\">\u00a0Thi\u1ebft k\u1ebf \u0111\u1ed9c \u0111\u00e1o n\u1ed5i b\u1eadt<\/p>\n<\/li>\n<li data-start=\"958\" data-end=\"1005\">\n<p data-start=\"960\" data-end=\"1005\">\u00a0An to\u00e0n tuy\u1ec7t \u0111\u1ed1i cho da nh\u1ea1y c\u1ea3m c\u1ee7a b\u00e9<\/p>\n<\/li>\n<li data-start=\"1006\" data-end=\"1068\">\n<p data-start=\"1008\" data-end=\"1068\">Qu\u00e0 t\u1eb7ng d\u1ec5 th\u01b0\u01a1ng cho d\u1ecbp sinh nh\u1eadt, th\u00f4i n\u00f4i, Trung Thu<\/p>\n<\/li>\n<\/ul>\n<h3 data-start=\"1075\" data-end=\"1105\">\ud83d\udcdd <strong data-start=\"1082\" data-end=\"1105\">Th\u00f4ng tin chi ti\u1ebft:<\/strong><\/h3>\n<ul data-start=\"1107\" data-end=\"1314\">\n<li data-start=\"1107\" data-end=\"1138\">\n<p data-start=\"1109\" data-end=\"1138\"><strong data-start=\"1109\" data-end=\"1122\">Chi\u1ec1u d\u00e0i<\/strong>: Kho\u1ea3ng 10 cm<\/p>\n<\/li>\n<li data-start=\"1139\" data-end=\"1171\">\n<p data-start=\"1141\" data-end=\"1171\"><strong data-start=\"1141\" data-end=\"1152\">M\u00e0u s\u1eafc<\/strong>: \u0110en\u00a0 \u2013 Tr\u1eafng<\/p>\n<\/li>\n<li data-start=\"1172\" data-end=\"1223\">\n<p data-start=\"1174\" data-end=\"1223\"><strong data-start=\"1174\" data-end=\"1187\">Ch\u1ea5t li\u1ec7u<\/strong>: Nhung m\u1ecbn, b\u00f4ng tr\u1eafng tinh khi\u1ebft<\/p>\n<\/li>\n<li data-start=\"1224\" data-end=\"1283\">\n<p data-start=\"1226\" data-end=\"1283\"><strong data-start=\"1226\" data-end=\"1247\">\u0110\u1ed1i t\u01b0\u1ee3ng s\u1eed d\u1ee5ng<\/strong>: Tr\u1ebb em, ng\u01b0\u1eddi y\u00eau th\u00edch g\u1ea5u b\u00f4ng<\/p>\n<\/li>\n<li data-start=\"1284\" data-end=\"1314\">\n<p data-start=\"1286\" data-end=\"1314\"><strong data-start=\"1286\" data-end=\"1301\">Th\u01b0\u01a1ng hi\u1ec7u<\/strong>: Nh\u00e0 M\u00e2y M\u1ec1m<\/p>\n<\/li>\n<\/ul>\n<h3 data-start=\"1321\" data-end=\"1355\">\ud83d\udcac <strong data-start=\"1328\" data-end=\"1355\">Cam k\u1ebft t\u1eeb Nh\u00e0 M\u00e2y M\u1ec1m:<\/strong><\/h3>\n<ul data-start=\"1357\" data-end=\"1512\">\n<li data-start=\"1357\" data-end=\"1398\">\n<p data-start=\"1359\" data-end=\"1398\">S\u1ea3n ph\u1ea9m ch\u00ednh h\u00e3ng \u2013 gi\u1ed1ng h\u00ecnh 100%<\/p>\n<\/li>\n<li data-start=\"1399\" data-end=\"1428\">\n<p data-start=\"1401\" data-end=\"1428\">Giao h\u00e0ng nhanh to\u00e0n qu\u1ed1c<\/p>\n<\/li>\n<li data-start=\"1429\" data-end=\"1474\">\n<p data-start=\"1431\" data-end=\"1474\">Bao b\u00ec qu\u00e0 t\u1eb7ng \u0111\u1eb9p m\u1eaft, mi\u1ec5n ph\u00ed g\u00f3i qu\u00e0<\/p>\n<\/li>\n<li data-start=\"1475\" data-end=\"1512\">\n<p data-start=\"1477\" data-end=\"1512\">\u0110\u1ed5i tr\u1ea3 d\u1ec5 d\u00e0ng n\u1ebfu l\u1ed7i do s\u1ea3n xu\u1ea5t<\/p>\n<\/li>\n<\/ul>\n<p>Shopee: <span class=\"html-span xdj266r x11i5rnm xat24cr x1mh8g0r xexx8yu x4uap5 x18d9i69 xkhd6sd x1hl2dhg x16tdsg8 x1vvkbs\"><a class=\"x1i10hfl xjbqb8w x1ejq31n xd10rxx x1sy0etr x17r0tee x972fbf xcfux6l x1qhh985 xm0m39n x9f619 x1ypdohk xt0psk2 xe8uvvx xdj266r x11i5rnm xat24cr x1mh8g0r xexx8yu x4uap5 x18d9i69 xkhd6sd x16tdsg8 x1hl2dhg xggy1nq x1a2a7pz xkrqix3 x1sur9pj x1fey0fg x1s688f\" tabindex=\"0\" role=\"link\" href=\"https:\/\/shopee.vn\/shop\/788390058?fbclid=IwZXh0bgNhZW0CMTAAYnJpZBExWEx4NklzS1VJaFZXTnRSdQEekpDiKBZVNY2mJZ9aNY_DTBfB-8_0wZOkXfpLPKQIs3kUF3vRftsUY8LW7NA_aem_REAKLHoxrqwaSqp74J7p9Q\" target=\"_blank\" rel=\"nofollow noopener noreferrer\">https:\/\/shopee.vn\/shop\/788390058<\/a><\/span><\/p>\n<p>Facebook:<a href=\"https:\/\/www.facebook.com\/profile.php?id=61572371774981\" target=\"_blank\" rel=\"noopener\"> https:\/\/www.facebook.com\/profile.php?id=61572371774981<\/a><\/p>\n<p>#gaubongmini #gaubongdeth\u01b0\u01a1ng #quatangsinhnhat #goucombo #nhamaymem #gaubongnhoxinh<\/p>\n","protected":false},"excerpt":{"rendered":"<p>G\u1ea5u B\u00f4ng Panda \u0111\u00e1ng y\u00eau \u2013 G\u1ea5u B\u00f4ng L\u1ea1 M\u1eaft, Si\u00eau M\u1ec1m M\u1ea1i Cho B\u00e9 Y\u00eau! G\u1ea5u B\u00f4ng Panda \u0111\u00e1ng y\u00eau\u00a0 l\u00e0 m\u1ed9t thi\u1ebft k\u1ebf m\u1edbi l\u1ea1 v\u00e0 \u0111\u00e1ng y\u00eau \u0111\u1ebfn t\u1eeb Nh\u00e0 M\u00e2y M\u1ec1m, mang s\u1eafc xanh t\u01b0\u01a1i m\u00e1t c\u00f9ng ch\u1ea5t li\u1ec7u nhung m\u1ecbn c\u1ef1c k\u1ef3 m\u1ec1m m\u1ea1i. V\u1edbi h\u00ecnh d\u00e1ng m\u00e8o \u0111\u1ea7u tr\u00f2n [&hellip;]<\/p>\n","protected":false},"featured_media":1112,"comment_status":"open","ping_status":"closed","template":"","meta":[],"product_brand":[],"product_cat":[36],"product_tag":[],"class_list":{"0":"post-729","1":"product","2":"type-product","3":"status-publish","4":"has-post-thumbnail","6":"product_cat-gau-bong","8":"first","9":"instock","10":"shipping-taxable","11":"purchasable","12":"product-type-simple"},"jetpack_sharing_enabled":true,"_links":{"self":[{"href":"https:\/\/nhamaymem.click\/index.php?rest_route=\/wp\/v2\/product\/729","targetHints":{"allow":["GET"]}}],"collection":[{"href":"https:\/\/nhamaymem.click\/index.php?rest_route=\/wp\/v2\/product"}],"about":[{"href":"https:\/\/nhamaymem.click\/index.php?rest_route=\/wp\/v2\/types\/product"}],"replies":[{"embeddable":true,"href":"https:\/\/nhamaymem.click\/index.php?rest_route=%2Fwp%2Fv2%2Fcomments&post=729"}],"wp:featuredmedia":[{"embeddable":true,"href":"https:\/\/nhamaymem.click\/index.php?rest_route=\/wp\/v2\/media\/1112"}],"wp:attachment":[{"href":"https:\/\/nhamaymem.click\/index.php?rest_route=%2Fwp%2Fv2%2Fmedia&parent=729"}],"wp:term":[{"taxonomy":"product_brand","embeddable":true,"href":"https:\/\/nhamaymem.click\/index.php?rest_route=%2Fwp%2Fv2%2Fproduct_brand&post=729"},{"taxonomy":"product_cat","embeddable":true,"href":"https:\/\/nhamaymem.click\/index.php?rest_route=%2Fwp%2Fv2%2Fproduct_cat&post=729"},{"taxonomy":"product_tag","embeddable":true,"href":"https:\/\/nhamaymem.click\/index.php?rest_route=%2Fwp%2Fv2%2Fproduct_tag&post=729"}],"curies":[{"name":"wp","href":"https:\/\/api.w.org\/{rel}","templated":true}]}}