{"id":703,"date":"2025-05-24T10:39:37","date_gmt":"2025-05-24T03:39:37","guid":{"rendered":"https:\/\/nhamaymem.click\/?post_type=product&#038;p=703"},"modified":"2025-12-08T13:46:41","modified_gmt":"2025-12-08T06:46:41","slug":"cun-pochacco-de-thuong","status":"publish","type":"product","link":"https:\/\/nhamaymem.click\/?product=cun-pochacco-de-thuong","title":{"rendered":"B\u00e9 M\u00e8o Cam M\u00edt \u01af\u1edbt"},"content":{"rendered":"<p data-start=\"342\" data-end=\"392\"><strong>C\u00fan Pochacco d\u1ec5 th\u01b0\u01a1ng &#8211; Nh\u00e0 M\u00e2y M\u1ec1m<\/strong><\/p>\n<p data-start=\"342\" data-end=\"392\">Ch\u1ea5t li\u1ec7u: V\u1ea3i n\u1ec9 m\u1ec1m m\u1ecbn + b\u00f4ng xo\u1eafn 3D cao c\u1ea5p<\/p>\n<p data-start=\"395\" data-end=\"424\">&#8211; K\u00edch th\u01b0\u1edbc: 8 \u2013 10cm m\u1ed7i b\u00e9<\/p>\n<p data-start=\"427\" data-end=\"467\">&#8211; M\u00e0u s\u1eafc: Ng\u1eabu nhi\u00ean, h\u00ecnh \u1ea3nh minh h\u1ecda<\/p>\n<p>\u0110\u1eb7c \u0111i\u1ec3m n\u1ed5i b\u1eadt:<\/p>\n<p>Mang \u0111\u1ebfn c\u1ea3m gi\u00e1c \u1ea5m \u00e1p v\u00e0 d\u1ec5 th\u01b0\u01a1ng, \u00a0t\u1eeb <a href=\"https:\/\/nhamaymem.click\/\"><strong data-start=\"559\" data-end=\"574\">Nh\u00e0 M\u00e2y M\u1ec1m<\/strong><\/a> l\u00e0 l\u1ef1a ch\u1ecdn ho\u00e0n h\u1ea3o cho m\u1ecdi l\u1ee9a tu\u1ed5i. M\u1ed7i C\u00fan Pochacco d\u1ec5 th\u01b0\u01a1ng . D\u00f9 b\u1ea1n l\u00e0 ng\u01b0\u1eddi y\u00eau th\u00edch trang tr\u00ed b\u00e0n h\u1ecdc, g\u00f3c l\u00e0m vi\u1ec7c hay mu\u1ed1n t\u00ecm m\u1ed9t m\u00f3n qu\u00e0 nh\u1ecf xinh g\u1eedi g\u1eafm y\u00eau th\u01b0\u01a1ng, s\u1ea3n ph\u1ea9m n\u00e0y \u0111\u1ec1u ph\u00f9 h\u1ee3p.<br \/>\n&#8211; Thi\u1ebft k\u1ebf \u0111\u00e1ng y\u00eau, \u0111a d\u1ea1ng: C\u00fan Pochacco d\u1ec5 th\u01b0\u01a1ng, ch\u1ea5t li\u1ec7u an to\u00e0n, m\u1ec1m m\u1ea1i<br \/>\n&#8211; K\u00edch th\u01b0\u1edbc nh\u1ecf g\u1ecdn, ti\u1ec7n l\u1ee3i: Ph\u00f9 h\u1ee3p \u0111\u1ec3 trang tr\u00ed b\u00e0n h\u1ecdc, g\u00f3c l\u00e0m vi\u1ec7c ho\u1eb7c treo balo \u2013 t\u00fai x\u00e1ch. D\u00f9ng \u0111\u1ec3 treo ch\u00eca kh\u00f3a gi\u00fap d\u1ec5 t\u00ecm, tr\u00e1nh th\u1ea5t l\u1ea1c.T\u0103ng t\u00ednh th\u1ea9m m\u1ef9 cho b\u1ed9 ch\u00eca kh\u00f3a, t\u1ea1o \u0111i\u1ec3m nh\u1ea5n c\u00e1 t\u00ednh.- C\u1ef1c \u201c\u0103n \u1ea3nh\u201d: Ph\u00f9 h\u1ee3p ch\u1ee5p \u1ea3nh decor, l\u00e0m \u0111\u1ea1o c\u1ee5 s\u1ed1ng \u1ea3o d\u1ec5 th\u01b0\u01a1ng<\/p>\n<p>Cam K\u1ebft t\u1eeb Nh\u00e0 M\u00e2y M\u1ec1m:<\/p>\n<p>&#8211; H\u00e0ng m\u1edbi 100%, ki\u1ec3m tra k\u1ef9 tr\u01b0\u1edbc khi g\u1eedi<br \/>\n&#8211; \u0110\u1ed5i tr\u1ea3 trong 3 ng\u00e0y n\u1ebfu s\u1ea3n ph\u1ea9m l\u1ed7i do v\u1eadn chuy\u1ec3n ho\u1eb7c nh\u00e0 s\u1ea3n xu\u1ea5t<br \/>\n&#8211; Cam k\u1ebft h\u00ecnh \u1ea3nh th\u1eadt \u2013 \u0111\u00fang m\u00f4 t\u1ea3 \u2013 \u0111\u00fang s\u1ed1 l\u01b0\u1ee3ng<\/p>\n<p><a href=\"https:\/\/nhamaymem.click\/\">Nh\u00e0 M\u00e2y M\u1ec1m<\/a> xin ch\u00e2n th\u00e0nh c\u1ea3m \u01a1n b\u1ea1n \u0111\u00e3 tin t\u01b0\u1edfng l\u1ef1a ch\u1ecdn s\u1ea3n ph\u1ea9m c\u1ee7a ch\u00fang t\u00f4i. S\u1ef1 h\u00e0i l\u00f2ng c\u1ee7a b\u1ea1n l\u00e0 ni\u1ec1m vui v\u00e0 \u0111\u1ed9ng l\u1ef1c \u0111\u1ec3 ch\u00fang t\u00f4i kh\u00f4ng ng\u1eebng ho\u00e0n thi\u1ec7n. H\u00e3y \u0111\u1ec3 Nh\u00e0 M\u00e2y M\u1ec1m \u0111\u1ed3ng h\u00e0nh c\u00f9ng b\u1ea1n trong nh\u1eefng d\u1ecbp \u0111\u1eb7c bi\u1ec7t v\u00e0 m\u1ed7i ng\u00e0y th\u01b0\u1eddng nh\u1eadt nh\u00e9!<\/p>\n<p>Shopee: <span class=\"html-span xdj266r x11i5rnm xat24cr x1mh8g0r xexx8yu x4uap5 x18d9i69 xkhd6sd x1hl2dhg x16tdsg8 x1vvkbs\"><a class=\"x1i10hfl xjbqb8w x1ejq31n xd10rxx x1sy0etr x17r0tee x972fbf xcfux6l x1qhh985 xm0m39n x9f619 x1ypdohk xt0psk2 xe8uvvx xdj266r x11i5rnm xat24cr x1mh8g0r xexx8yu x4uap5 x18d9i69 xkhd6sd x16tdsg8 x1hl2dhg xggy1nq x1a2a7pz xkrqix3 x1sur9pj x1fey0fg x1s688f\" tabindex=\"0\" role=\"link\" href=\"https:\/\/shopee.vn\/shop\/788390058?fbclid=IwZXh0bgNhZW0CMTAAYnJpZBExWEx4NklzS1VJaFZXTnRSdQEekpDiKBZVNY2mJZ9aNY_DTBfB-8_0wZOkXfpLPKQIs3kUF3vRftsUY8LW7NA_aem_REAKLHoxrqwaSqp74J7p9Q\" target=\"_blank\" rel=\"nofollow noopener noreferrer\">https:\/\/shopee.vn\/shop\/788390058<\/a><\/span><\/p>\n<p>Facebook:<a href=\"https:\/\/www.facebook.com\/profile.php?id=61572371774981\" target=\"_blank\" rel=\"noopener\"> https:\/\/www.facebook.com\/profile.php?id=61572371774981<\/a><\/p>\n<p>#gaub\u00f4ngmini #gaub\u00f4ngdeth\u01b0\u01a1ng #quatangsinhnhat #g\u1ea5ucombo #nhamaymem #gaubongnhoxinh<\/p>\n","protected":false},"excerpt":{"rendered":"<p>C\u00fan Pochacco d\u1ec5 th\u01b0\u01a1ng &#8211; Nh\u00e0 M\u00e2y M\u1ec1m Ch\u1ea5t li\u1ec7u: V\u1ea3i n\u1ec9 m\u1ec1m m\u1ecbn + b\u00f4ng xo\u1eafn 3D cao c\u1ea5p &#8211; K\u00edch th\u01b0\u1edbc: 8 \u2013 10cm m\u1ed7i b\u00e9 &#8211; M\u00e0u s\u1eafc: Ng\u1eabu nhi\u00ean, h\u00ecnh \u1ea3nh minh h\u1ecda \u0110\u1eb7c \u0111i\u1ec3m n\u1ed5i b\u1eadt: Mang \u0111\u1ebfn c\u1ea3m gi\u00e1c \u1ea5m \u00e1p v\u00e0 d\u1ec5 th\u01b0\u01a1ng, \u00a0t\u1eeb Nh\u00e0 M\u00e2y M\u1ec1m l\u00e0 [&hellip;]<\/p>\n","protected":false},"featured_media":1110,"comment_status":"open","ping_status":"closed","template":"","meta":[],"product_brand":[],"product_cat":[15,36],"product_tag":[],"class_list":{"0":"post-703","1":"product","2":"type-product","3":"status-publish","4":"has-post-thumbnail","6":"product_cat-chua-phan-loai","7":"product_cat-gau-bong","9":"first","10":"instock","11":"shipping-taxable","12":"purchasable","13":"product-type-simple"},"jetpack_sharing_enabled":true,"_links":{"self":[{"href":"https:\/\/nhamaymem.click\/index.php?rest_route=\/wp\/v2\/product\/703","targetHints":{"allow":["GET"]}}],"collection":[{"href":"https:\/\/nhamaymem.click\/index.php?rest_route=\/wp\/v2\/product"}],"about":[{"href":"https:\/\/nhamaymem.click\/index.php?rest_route=\/wp\/v2\/types\/product"}],"replies":[{"embeddable":true,"href":"https:\/\/nhamaymem.click\/index.php?rest_route=%2Fwp%2Fv2%2Fcomments&post=703"}],"wp:featuredmedia":[{"embeddable":true,"href":"https:\/\/nhamaymem.click\/index.php?rest_route=\/wp\/v2\/media\/1110"}],"wp:attachment":[{"href":"https:\/\/nhamaymem.click\/index.php?rest_route=%2Fwp%2Fv2%2Fmedia&parent=703"}],"wp:term":[{"taxonomy":"product_brand","embeddable":true,"href":"https:\/\/nhamaymem.click\/index.php?rest_route=%2Fwp%2Fv2%2Fproduct_brand&post=703"},{"taxonomy":"product_cat","embeddable":true,"href":"https:\/\/nhamaymem.click\/index.php?rest_route=%2Fwp%2Fv2%2Fproduct_cat&post=703"},{"taxonomy":"product_tag","embeddable":true,"href":"https:\/\/nhamaymem.click\/index.php?rest_route=%2Fwp%2Fv2%2Fproduct_tag&post=703"}],"curies":[{"name":"wp","href":"https:\/\/api.w.org\/{rel}","templated":true}]}}