{"id":1161,"date":"2025-12-17T10:22:28","date_gmt":"2025-12-17T03:22:28","guid":{"rendered":"https:\/\/nhamaymem.click\/?post_type=product&#038;p=1161"},"modified":"2025-12-17T10:22:28","modified_gmt":"2025-12-17T03:22:28","slug":"combo-giang-sinh-cham-mem","status":"publish","type":"product","link":"https:\/\/nhamaymem.click\/?product=combo-giang-sinh-cham-mem","title":{"rendered":"Combo Gi\u00e1ng Sinh Ch\u1ea1m M\u1ec1m"},"content":{"rendered":"<div class=\"\" data-block=\"true\" data-editor=\"3db7\" data-offset-key=\"6liun-0-0\">\n<div class=\"_1mf _1mj\" data-offset-key=\"6liun-0-0\"><span data-offset-key=\"6liun-0-0\">\ud83c\udf84\u2728 Gi\u00e1ng Sinh Ch\u1ea1m M\u1ec1m \u2013 Combo Qu\u00e0 Noel \u1ea4m \u00c1p T\u1eeb Nh\u00e0 M\u00e2y M\u1ec1m \ud83c\udf81<\/span><\/div>\n<\/div>\n<div class=\"\" data-block=\"true\" data-editor=\"3db7\" data-offset-key=\"94sp6-0-0\">\n<div class=\"_1mf _1mj\" data-offset-key=\"94sp6-0-0\"><span data-offset-key=\"94sp6-0-0\">\u00a0<\/span><\/div>\n<\/div>\n<div class=\"\" data-block=\"true\" data-editor=\"3db7\" data-offset-key=\"bj7n-0-0\">\n<div class=\"_1mf _1mj\" data-offset-key=\"bj7n-0-0\"><span data-offset-key=\"bj7n-0-0\">M\u00f9a Gi\u00e1ng Sinh \u0111ang lan kh\u1eafp t\u1eebng g\u00f3c ph\u1ed1, v\u00e0 Nh\u00e0 M\u00e2y M\u1ec1m mang t\u1edbi m\u1ed9t m\u00f3n qu\u00e0 c\u1ef1c \u201cch\u1ea1m tim\u201d d\u00e0nh cho b\u1ea1n \u2014 Gi\u00e1ng Sinh Ch\u1ea1m M\u1ec1m, combo qu\u00e0 Noel \u0111\u01b0\u1ee3c t\u1ea1o n\u00ean t\u1eeb nh\u1eefng gam m\u00e0u \u1ea5m \u00e1p: \u0111\u1ecf \u2013 tr\u1eafng \u2013 n\u00e2u, \u0111\u00fang tinh th\u1ea7n l\u1ec5 h\u1ed9i. \u2764\ufe0f\ud83e\udd0e\u2744\ufe0f<\/span><\/div>\n<\/div>\n<div class=\"\" data-block=\"true\" data-editor=\"3db7\" data-offset-key=\"b8jvk-0-0\">\n<div class=\"_1mf _1mj\" data-offset-key=\"b8jvk-0-0\"><span data-offset-key=\"b8jvk-0-0\">\u00a0<\/span><\/div>\n<\/div>\n<div class=\"\" data-block=\"true\" data-editor=\"3db7\" data-offset-key=\"1e9h5-0-0\">\n<div class=\"_1mf _1mj\" data-offset-key=\"1e9h5-0-0\"><span data-offset-key=\"1e9h5-0-0\">Combo \u0111\u01b0\u1ee3c thi\u1ebft k\u1ebf \u0111\u1ec3 mang l\u1ea1i c\u1ea3m gi\u00e1c m\u1ec1m m\u1ea1i, d\u1ec5 ch\u1ecbu v\u00e0 c\u1ef1c k\u1ef3 \u0111\u00e1ng y\u00eau, ph\u00f9 h\u1ee3p l\u00e0m qu\u00e0 t\u1eb7ng cho gia \u0111\u00ecnh, b\u1ea1n b\u00e8 ho\u1eb7c ng\u01b0\u1eddi th\u01b0\u01a1ng. Kh\u00f4ng ch\u1ec9 l\u00e0 m\u1ed9t m\u00f3n qu\u00e0, Gi\u00e1ng Sinh Ch\u1ea1m M\u1ec1m c\u00f2n l\u00e0 l\u1eddi nh\u1eafn nh\u1ee7 \u1ea5m \u00e1p: \u201cM\u00f9a n\u00e0y c\u00f3 t\u1edb b\u00ean c\u1ea1nh, d\u1ecbu d\u00e0ng c\u00f9ng c\u1eadu.\u201d \ud83e\uddf8\u2728<\/span><\/div>\n<\/div>\n<div class=\"\" data-block=\"true\" data-editor=\"3db7\" data-offset-key=\"9hpdq-0-0\">\n<div class=\"_1mf _1mj\" data-offset-key=\"9hpdq-0-0\"><span data-offset-key=\"9hpdq-0-0\">\u00a0<\/span><\/div>\n<\/div>\n<div class=\"\" data-block=\"true\" data-editor=\"3db7\" data-offset-key=\"8t88k-0-0\">\n<div class=\"_1mf _1mj\" data-offset-key=\"8t88k-0-0\"><span data-offset-key=\"8t88k-0-0\">Ch\u1ea5t li\u1ec7u m\u1ec1m m\u1ecbn v\u00e0 sang tr\u1ecdng gi\u00fap combo tr\u1edf th\u00e0nh s\u1ef1 l\u1ef1a ch\u1ecdn ho\u00e0n h\u1ea3o cho ai mu\u1ed1n g\u1eedi \u0111i s\u1ef1 quan t\u00e2m ch\u00e2n th\u00e0nh trong m\u00f9a l\u1ec5 h\u1ed9i. M\u1ed9t ch\u00fat m\u1ec1m, m\u1ed9t ch\u00fat \u1ea5m\u2026 v\u00e0 r\u1ea5t nhi\u1ec1u y\u00eau th\u01b0\u01a1ng. \ud83d\udc9e\ud83c\udf84<\/span><\/div>\n<\/div>\n<div class=\"\" data-block=\"true\" data-editor=\"3db7\" data-offset-key=\"72pfc-0-0\">\n<div class=\"_1mf _1mj\" data-offset-key=\"72pfc-0-0\"><span data-offset-key=\"72pfc-0-0\">\u00a0<\/span><\/div>\n<\/div>\n<div class=\"\" data-block=\"true\" data-editor=\"3db7\" data-offset-key=\"5mg5j-0-0\">\n<div class=\"_1mf _1mj\" data-offset-key=\"5mg5j-0-0\"><span data-offset-key=\"5mg5j-0-0\">\ud83d\udc8c \u0110\u1eb7t ngay \u0111\u1ec3 s\u1edf h\u1eefu combo Gi\u00e1ng Sinh Ch\u1ea1m M\u1ec1m<\/span><\/div>\n<\/div>\n<div class=\"\" data-block=\"true\" data-editor=\"3db7\" data-offset-key=\"dg861-0-0\">\n<div class=\"_1mf _1mj\" data-offset-key=\"dg861-0-0\"><span data-offset-key=\"dg861-0-0\">S\u1ed1 l\u01b0\u1ee3ng c\u1ef1c k\u1ef3 gi\u1edbi h\u1ea1n \u2014 inbox nhanh \u0111\u1ec3 kh\u00f4ng b\u1ecf l\u1ee1 c\u01a1 h\u1ed9i c\u00f3 m\u00f3n qu\u00e0 Noel \u1ea5m nh\u1ea5t m\u00f9a n\u00e0y nha! \ud83d\udd25<\/span><\/div>\n<\/div>\n<div class=\"\" data-block=\"true\" data-editor=\"3db7\" data-offset-key=\"e98gu-0-0\">\n<div class=\"_1mf _1mj\" data-offset-key=\"e98gu-0-0\"><\/div>\n<\/div>\n","protected":false},"excerpt":{"rendered":"<p>\ud83c\udf84\u2728 Gi\u00e1ng Sinh Ch\u1ea1m M\u1ec1m \u2013 Combo Qu\u00e0 Noel \u1ea4m \u00c1p T\u1eeb Nh\u00e0 M\u00e2y M\u1ec1m \ud83c\udf81 \u00a0 M\u00f9a Gi\u00e1ng Sinh \u0111ang lan kh\u1eafp t\u1eebng g\u00f3c ph\u1ed1, v\u00e0 Nh\u00e0 M\u00e2y M\u1ec1m mang t\u1edbi m\u1ed9t m\u00f3n qu\u00e0 c\u1ef1c \u201cch\u1ea1m tim\u201d d\u00e0nh cho b\u1ea1n \u2014 Gi\u00e1ng Sinh Ch\u1ea1m M\u1ec1m, combo qu\u00e0 Noel \u0111\u01b0\u1ee3c t\u1ea1o n\u00ean t\u1eeb nh\u1eefng gam [&hellip;]<\/p>\n","protected":false},"featured_media":1162,"comment_status":"open","ping_status":"closed","template":"","meta":[],"product_brand":[],"product_cat":[15],"product_tag":[],"class_list":{"0":"post-1161","1":"product","2":"type-product","3":"status-publish","4":"has-post-thumbnail","6":"product_cat-chua-phan-loai","8":"first","9":"instock","10":"shipping-taxable","11":"purchasable","12":"product-type-simple"},"jetpack_sharing_enabled":true,"_links":{"self":[{"href":"https:\/\/nhamaymem.click\/index.php?rest_route=\/wp\/v2\/product\/1161","targetHints":{"allow":["GET"]}}],"collection":[{"href":"https:\/\/nhamaymem.click\/index.php?rest_route=\/wp\/v2\/product"}],"about":[{"href":"https:\/\/nhamaymem.click\/index.php?rest_route=\/wp\/v2\/types\/product"}],"replies":[{"embeddable":true,"href":"https:\/\/nhamaymem.click\/index.php?rest_route=%2Fwp%2Fv2%2Fcomments&post=1161"}],"wp:featuredmedia":[{"embeddable":true,"href":"https:\/\/nhamaymem.click\/index.php?rest_route=\/wp\/v2\/media\/1162"}],"wp:attachment":[{"href":"https:\/\/nhamaymem.click\/index.php?rest_route=%2Fwp%2Fv2%2Fmedia&parent=1161"}],"wp:term":[{"taxonomy":"product_brand","embeddable":true,"href":"https:\/\/nhamaymem.click\/index.php?rest_route=%2Fwp%2Fv2%2Fproduct_brand&post=1161"},{"taxonomy":"product_cat","embeddable":true,"href":"https:\/\/nhamaymem.click\/index.php?rest_route=%2Fwp%2Fv2%2Fproduct_cat&post=1161"},{"taxonomy":"product_tag","embeddable":true,"href":"https:\/\/nhamaymem.click\/index.php?rest_route=%2Fwp%2Fv2%2Fproduct_tag&post=1161"}],"curies":[{"name":"wp","href":"https:\/\/api.w.org\/{rel}","templated":true}]}}