{"id":941,"date":"2025-07-24T10:22:15","date_gmt":"2025-07-24T03:22:15","guid":{"rendered":"https:\/\/nhamaymem.click\/?page_id=941"},"modified":"2025-11-19T13:43:12","modified_gmt":"2025-11-19T06:43:12","slug":"%f0%9f%90%bb-ve-chung-minh-nha-may-mem-%e2%98%81%ef%b8%8f","status":"publish","type":"page","link":"https:\/\/nhamaymem.click\/?page_id=941","title":{"rendered":"V\u1ec1 ch\u00fang t\u00f4i"},"content":{"rendered":"<div class=\"wp-block-image\"><figure class=\"alignleft size-full is-resized\"><img loading=\"lazy\" decoding=\"async\" width=\"705\" height=\"705\" src=\"https:\/\/nhamaymem.click\/wp-content\/uploads\/2025\/11\/tai-xuong-1.png\" alt=\"\" class=\"wp-image-1069\" style=\"width:323px;height:auto\" srcset=\"https:\/\/nhamaymem.click\/wp-content\/uploads\/2025\/11\/tai-xuong-1.png 705w, https:\/\/nhamaymem.click\/wp-content\/uploads\/2025\/11\/tai-xuong-1-300x300.png 300w, https:\/\/nhamaymem.click\/wp-content\/uploads\/2025\/11\/tai-xuong-1-150x150.png 150w, https:\/\/nhamaymem.click\/wp-content\/uploads\/2025\/11\/tai-xuong-1-100x100.png 100w\" sizes=\"auto, (max-width: 705px) 100vw, 705px\" \/><\/figure><\/div><h3 class=\"wp-block-heading\"><strong><mark style=\"background-color:rgba(0, 0, 0, 0);color:#ff6a00\" class=\"has-inline-color\">C\u00e2u chuy\u1ec7n b\u1eaft \u0111\u1ea7u t\u1eeb m\u1ed9t c\u00e1i \u00f4m<\/mark><\/strong><\/h3><p>Nh\u00e0 M\u00e2y M\u1ec1m sinh ra t\u1eeb m\u1ed9t \u0111i\u1ec1u r\u1ea5t nh\u1ecf mong mu\u1ed1n ai \u0111\u00f3, d\u00f9 b\u1eadn r\u1ed9n hay c\u00f4 \u0111\u01a1n, v\u1eabn c\u00f3 m\u1ed9t ch\u00fa g\u1ea5u \u0111\u1ec3 \u00f4m khi c\u1ea7n.<br>Ch\u00fang t\u00f4i tin r\u1eb1ng, y\u00eau th\u01b0\u01a1ng kh\u00f4ng nh\u1ea5t thi\u1ebft ph\u1ea3i l\u00e0 nh\u1eefng \u0111i\u1ec1u l\u1edbn lao. Ch\u1ec9 c\u1ea7n m\u1ed9t m\u00f3n qu\u00e0 m\u1ec1m m\u1ea1i, \u0111\u1ee7 \u1ea5m, \u0111\u1ee7 d\u1ecbu d\u00e0ng\u2026 c\u0169ng c\u00f3 th\u1ec3 khi\u1ebfn ai \u0111\u00f3 th\u1ea5y \u0111\u01b0\u1ee3c quan t\u00e2m.<\/p><p>T\u1eebng ch\u00fa g\u1ea5u \u1edf Nh\u00e0 M\u00e2y M\u1ec1m kh\u00f4ng ch\u1ec9 \u0111\u01b0\u1ee3c nh\u1ed3i b\u1eb1ng b\u00f4ng, m\u00e0 \u0111\u01b0\u1ee3c l\u00e0m t\u1eeb t\u00e2m &#8211; b\u1eb1ng tay &#8211; v\u00e0 b\u1eb1ng c\u1ea3 c\u1ea3m x\u00fac c\u1ee7a ng\u01b0\u1eddi Vi\u1ec7t.<\/p><hr class=\"wp-block-separator has-alpha-channel-opacity is-style-wide\"\/><h3 class=\"wp-block-heading\"><strong><mark style=\"background-color:rgba(0, 0, 0, 0)\" class=\"has-inline-color has-luminous-vivid-orange-color\">G\u1ea5u Vi\u1ec7t \u2013 Th\u01b0\u01a1ng Vi\u1ec7t<\/mark><\/strong><\/h3><p>Ra \u0111\u1eddi t\u1ea1i \u0110\u1ed3ng Nai v\u00e0o th\u00e1ng 5\/2025, Nh\u00e0 M\u00e2y M\u1ec1m h\u01b0\u1edbng \u0111\u1ebfn vi\u1ec7c t\u1ea1o ra nh\u1eefng ch\u00fa g\u1ea5u b\u00f4ng mang h\u01a1i th\u1edf Vi\u1ec7t \u2013 d\u1ec5 th\u01b0\u01a1ng, c\u1ea3m x\u00fac, g\u1ea7n g\u0169i, nh\u01b0ng v\u1eabn tinh t\u1ebf v\u00e0 hi\u1ec7n \u0111\u1ea1i.<br>Ch\u00fang t\u00f4i kh\u00f4ng ch\u1ea1y theo s\u1ef1 ho\u00e0n h\u1ea3o m\u00e1y m\u00f3c, m\u00e0 ch\u1ecdn c\u00e1ch th\u1ee7 c\u00f4ng \u2013 t\u1ec9 m\u1ec9 t\u1eebng chi ti\u1ebft \u2013 \u0111\u1ec3 m\u1ed7i s\u1ea3n ph\u1ea9m khi \u0111\u1ebfn tay kh\u00e1ch h\u00e0ng \u0111\u1ec1u c\u00f3 h\u1ed3n.<\/p><h3 class=\"wp-block-heading\"><strong><mark style=\"background-color:rgba(0, 0, 0, 0)\" class=\"has-inline-color has-luminous-vivid-orange-color\">T\u1ea7m nh\u00ecn &amp; S\u1ee9 m\u1ec7nh<\/mark><\/strong><\/h3><ul class=\"wp-block-list\"><li><strong>T\u1ea7m nh\u00ecn:<\/strong> Tr\u1edf th\u00e0nh th\u01b0\u01a1ng hi\u1ec7u g\u1ea5u b\u00f4ng Vi\u1ec7t \u0111\u01b0\u1ee3c y\u00eau th\u00edch nh\u1ea5t b\u1edfi th\u1ebf h\u1ec7 tr\u1ebb \u2013 n\u01a1i m\u1ed7i ch\u00fa g\u1ea5u mang trong m\u00ecnh c\u1ea3m x\u00fac th\u1eadt.<\/li>\n\n<li><strong>S\u1ee9 m\u1ec7nh:<\/strong> Lan t\u1ecfa tinh th\u1ea7n \u201cM\u1ec1m t\u1eeb t\u00e2m, \u1ea5m t\u1eeb tay\u201d \u2013 \u0111\u1ec3 y\u00eau th\u01b0\u01a1ng kh\u00f4ng ch\u1ec9 \u0111\u01b0\u1ee3c n\u00f3i ra, m\u00e0 c\u00f2n \u0111\u01b0\u1ee3c ch\u1ea1m th\u1ea5y.<\/li><\/ul><h3 class=\"wp-block-heading\"><strong><mark style=\"background-color:rgba(0, 0, 0, 0)\" class=\"has-inline-color has-luminous-vivid-orange-color\">Gi\u00e1 tr\u1ecb m\u00e0 Nh\u00e0 M\u00e2y M\u1ec1m theo \u0111u\u1ed5i<\/mark><\/strong><\/h3><ul class=\"wp-block-list\"><li>\u1ede Nh\u00e0 M\u00e2y M\u1ec1m, ch\u00fang t\u00f4i tin r\u1eb1ng m\u1ed9t th\u01b0\u01a1ng hi\u1ec7u t\u1eed t\u1ebf kh\u00f4ng c\u1ea7n n\u00f3i qu\u00e1 nhi\u1ec1u, ch\u1ec9 c\u1ea7n l\u00e0m \u0111\u00fang \u0111i\u1ec1u m\u00ecnh tin.<\/li>\n\n<li>T\u1eebng ch\u00fa g\u1ea5u \u0111\u01b0\u1ee3c t\u1ea1o n\u00ean kh\u00f4ng ph\u1ea3i ch\u1ec9 \u0111\u1ec3 \u201cb\u00e1n\u201d, m\u00e0 \u0111\u1ec3 trao \u0111i c\u1ea3m x\u00fac \u2013 th\u1ee9 m\u00e0 con ng\u01b0\u1eddi h\u00f4m nay \u0111\u00f4i khi qu\u00ean c\u00e1ch th\u1ec3 hi\u1ec7n.<\/li>\n\n<li>Ch\u00e2n th\u00e0nh: M\u1ecdi s\u1ea3n ph\u1ea9m \u0111\u1ec1u \u0111\u01b0\u1ee3c l\u00e0m b\u1eb1ng c\u00e1i t\u00e2m. Ch\u00fang t\u00f4i kh\u00f4ng ch\u1ea1y theo s\u1ef1 ho\u00e0n h\u1ea3o m\u00e1y m\u00f3c, m\u00e0 tr\u00e2n tr\u1ecdng nh\u1eefng \u0111\u01b0\u1eddng kim m\u0169i ch\u1ec9 th\u1eadt, \u0111\u00f4i khi c\u00f2n s\u00f3t l\u1ea1i d\u1ea5u tay ng\u01b0\u1eddi th\u1ee3 \u2013 v\u00ec \u0111\u00f3 l\u00e0 b\u1eb1ng ch\u1ee9ng c\u1ee7a s\u1ef1 ch\u00e2n th\u00e0nh.<\/li>\n\n<li>C\u1ea3m x\u00fac: M\u1ed7i ch\u00fa g\u1ea5u l\u00e0 m\u1ed9t \u201cng\u01b0\u1eddi b\u1ea1n nh\u1ecf\u201d, mang nhi\u1ec7m v\u1ee5 n\u00f3i h\u1ed9 l\u1eddi th\u01b0\u01a1ng, l\u1eddi nh\u1edb, l\u1eddi c\u1ea3m \u01a1n m\u00e0 b\u1ea1n ch\u01b0a k\u1ecbp n\u00f3i.<\/li>\n\n<li>Th\u1ea5u hi\u1ec3u: Ch\u00fang t\u00f4i hi\u1ec3u r\u1eb1ng, v\u1edbi ng\u01b0\u1eddi tr\u1ebb, \u0111\u00f4i khi ch\u1ec9 m\u1ed9t m\u00f3n qu\u00e0 nh\u1ecf, m\u1ed9t c\u00e1i \u00f4m m\u1ec1m, c\u0169ng \u0111\u1ee7 khi\u1ebfn ng\u00e0y d\u00e0i tr\u1edf n\u00ean d\u1ec5 ch\u1ecbu.<\/li>\n\n<li>G\u1ea7n g\u0169i: G\u1ea5u b\u00f4ng c\u1ee7a Nh\u00e0 M\u00e2y M\u1ec1m kh\u00f4ng ch\u1ec9 \u0111\u1ec3 t\u1eb7ng \u2013 m\u00e0 c\u00f2n \u0111\u1ec3 \u0111\u1ed3ng h\u00e0nh. D\u1ec5 th\u01b0\u01a1ng, gi\u1ea3n d\u1ecb, v\u1eeba v\u1eb7n v\u1edbi c\u1ea3m x\u00fac c\u1ee7a b\u1ea5t c\u1ee9 ai.<\/li>\n\n<li>S\u00e1ng t\u1ea1o: M\u1ed7i b\u1ed9 s\u01b0u t\u1eadp l\u00e0 m\u1ed9t c\u00e2u chuy\u1ec7n ri\u00eang, m\u1ed9t c\u1ea3m x\u00fac m\u1edbi. Ch\u00fang t\u00f4i kh\u00f4ng ng\u1eebng t\u00ecm t\u00f2i, \u0111\u1ec3 m\u1ed7i \u201cG\u1ea5u\u201d \u0111\u1ec1u c\u00f3 linh h\u1ed3n, \u0111\u1ec3 b\u1ea1n c\u1ea3m th\u1ea5y \u201c\u0111\u00e2y ch\u00ednh l\u00e0 m\u00f3n qu\u00e0 d\u00e0nh cho m\u00ecnh\u201d.<\/li><\/ul><h3 class=\"wp-block-heading\"><strong><mark style=\"background-color:rgba(0, 0, 0, 0)\" class=\"has-inline-color has-luminous-vivid-orange-color\">Slogan th\u01b0\u01a1ng hi\u1ec7u<\/mark><\/strong><\/h3><blockquote class=\"wp-block-quote is-layout-flow wp-block-quote-is-layout-flow\"><p><strong>\u201cM\u1ec1m t\u1eeb t\u00e2m, \u1ea5m t\u1eeb tay.\u201d<\/strong><br><em>L\u00e0 c\u00e1ch Nh\u00e0 M\u00e2y M\u1ec1m l\u00e0m vi\u1ec7c m\u1ed7i ng\u00e0y \u2013 c\u1ea9n th\u1eadn, d\u1ecbu d\u00e0ng v\u00e0 \u0111\u1ee7 \u1ea5m \u0111\u1ec3 khi\u1ebfn ai \u0111\u00f3 c\u1ea3m th\u1ea5y \u0111\u01b0\u1ee3c th\u01b0\u01a1ng.<\/em><\/p>\n\n<p>C\u00e2u n\u00f3i \u1ea5y kh\u00f4ng ph\u1ea3i ch\u1ec9 \u0111\u1ec3 trang tr\u00ed tr\u00ean bao b\u00ec \u2013 \u0111\u00f3 l\u00e0 c\u00e1ch Nh\u00e0 M\u00e2y M\u1ec1m s\u1ed1ng, l\u00e0m vi\u1ec7c v\u00e0 g\u1eedi g\u1eafm y\u00eau th\u01b0\u01a1ng m\u1ed7i ng\u00e0y.<br>T\u1eeb \u0111\u00f4i tay c\u1ee7a ng\u01b0\u1eddi th\u1ee3 kh\u00e2u, \u0111\u1ebfn kho\u1ea3nh kh\u1eafc b\u1ea1n \u00f4m g\u1ea5u v\u00e0o l\u00f2ng, m\u1ecdi th\u1ee9 \u0111\u1ec1u \u0111\u01b0\u1ee3c n\u1ed1i li\u1ec1n b\u1eb1ng s\u1ef1 d\u1ecbu d\u00e0ng.<br>Ch\u00fang t\u00f4i tin r\u1eb1ng, khi m\u1ecdi th\u1ee9 \u0111\u01b0\u1ee3c l\u00e0m b\u1eb1ng t\u00e2m, d\u00f9 l\u00e0 m\u00f3n qu\u00e0 nh\u1ecf nh\u1ea5t, n\u00f3 v\u1eabn c\u00f3 th\u1ec3 ch\u1ea1m \u0111\u1ebfn tim ng\u01b0\u1eddi nh\u1eadn.<\/p><\/blockquote><hr class=\"wp-block-separator has-alpha-channel-opacity\"\/><h3 class=\"wp-block-heading\"><strong>Th\u00f4ng tin th\u01b0\u01a1ng hi\u1ec7u<\/strong><\/h3><p><strong>\u0110\u1ecba ch\u1ec9:<\/strong> KP4, Tr\u1ea3ng D\u00e0i, Bi\u00ean H\u00f2a, \u0110\u1ed3ng Nai<\/p><p><strong>T\u00ean th\u01b0\u01a1ng hi\u1ec7u:<\/strong> Nh\u00e0 M\u00e2y M\u1ec1m<\/p><p><strong>\u0110\u1ecbnh v\u1ecb:<\/strong> G\u1ea5u b\u00f4ng c\u1ea3m x\u00fac \u2013 Qu\u00e0 t\u1eb7ng c\u1ee7a s\u1ef1 d\u1ecbu d\u00e0ng<\/p><p><strong>TikTok:<\/strong><a href=\"https:\/\/www.tiktok.com\/@nhamaymem?is_from_webapp=1&amp;sender_device=pc\" target=\"_blank\" rel=\"noopener\"> @nhamaymem<\/a><\/p><p><strong>Facebook:<\/strong><a href=\"https:\/\/www.facebook.com\/profile.php?id=61572371774981\" target=\"_blank\" rel=\"noopener\"> facebook.com\/nhamaymem<\/a><\/p><p><strong>Hotline:<\/strong> 0333 790 143<\/p>","protected":false},"excerpt":{"rendered":"<p>C\u00e2u chuy\u1ec7n b\u1eaft \u0111\u1ea7u t\u1eeb m\u1ed9t c\u00e1i \u00f4m Nh\u00e0 M\u00e2y M\u1ec1m sinh ra t\u1eeb m\u1ed9t \u0111i\u1ec1u r\u1ea5t nh\u1ecf mong mu\u1ed1n ai \u0111\u00f3, d\u00f9 b\u1eadn r\u1ed9n hay c\u00f4 \u0111\u01a1n, v\u1eabn c\u00f3 m\u1ed9t ch\u00fa g\u1ea5u \u0111\u1ec3 \u00f4m khi c\u1ea7n.Ch\u00fang t\u00f4i tin r\u1eb1ng, y\u00eau th\u01b0\u01a1ng kh\u00f4ng nh\u1ea5t thi\u1ebft ph\u1ea3i l\u00e0 nh\u1eefng \u0111i\u1ec1u l\u1edbn lao. Ch\u1ec9 c\u1ea7n m\u1ed9t m\u00f3n [&hellip;]<\/p>\n","protected":false},"author":12,"featured_media":0,"parent":0,"menu_order":0,"comment_status":"closed","ping_status":"closed","template":"","meta":{"footnotes":""},"class_list":["post-941","page","type-page","status-publish","hentry"],"rankMath":{"parentDomain":"nhamaymem.click","noFollowDomains":[],"noFollowExcludeDomains":[],"noFollowExternalLinks":false,"featuredImageNotice":"H\u00ecnh \u1ea3nh n\u1ed5i b\u1eadt n\u00ean c\u00f3 k\u00edch th\u01b0\u1edbc \u00edt nh\u1ea5t 200 x 200 pixel \u0111\u1ec3 \u0111\u01b0\u1ee3c Facebook v\u00e0 c\u00e1c trang m\u1ea1ng x\u00e3 h\u1ed9i kh\u00e1c ch\u1ecdn.","pluginReviewed":false,"postSettings":{"linkSuggestions":true,"useFocusKeyword":false},"frontEndScore":false,"postName":"%f0%9f%90%bb-ve-chung-minh-nha-may-mem-%e2%98%81%ef%b8%8f","permalinkFormat":"https:\/\/nhamaymem.click\/?page_id=941","showLockModifiedDate":true,"assessor":{"focusKeywordLink":"https:\/\/nhamaymem.click\/wp-admin\/edit.php?focus_keyword=%focus_keyword%&post_type=%post_type%","hasTOCPlugin":false,"primaryTaxonomy":false,"serpData":{"title":"","description":"","focusKeywords":"","pillarContent":false,"canonicalUrl":"","breadcrumbTitle":"","advancedRobots":[],"facebookTitle":"","facebookDescription":"","facebookImage":"","facebookImageID":"","facebookHasOverlay":false,"facebookImageOverlay":"","facebookAuthor":"","twitterCardType":"","twitterUseFacebook":true,"twitterTitle":"","twitterDescription":"","twitterImage":"","twitterImageID":"","twitterHasOverlay":false,"twitterImageOverlay":"","twitterPlayerUrl":"","twitterPlayerSize":"","twitterPlayerStream":"","twitterPlayerStreamCtype":"","twitterAppDescription":"","twitterAppIphoneName":"","twitterAppIphoneID":"","twitterAppIphoneUrl":"","twitterAppIpadName":"","twitterAppIpadID":"","twitterAppIpadUrl":"","twitterAppGoogleplayName":"","twitterAppGoogleplayID":"","twitterAppGoogleplayUrl":"","twitterAppCountry":"","robots":{"index":true},"twitterAuthor":"t\u00ean ng\u01b0\u1eddi d\u00f9ng","primaryTerm":0,"authorName":"Quoc Khanh","titleTemplate":"%title% %sep% %sitename%","descriptionTemplate":"","showScoreFrontend":true,"lockModifiedDate":false},"powerWords":[],"diacritics":{"A":"[\\u0041\\u24B6\\uFF21\\u00C0\\u00C1\\u00C2\\u1EA6\\u1EA4\\u1EAA\\u1EA8\\u00C3\\u0100\\u0102\\u1EB0\\u1EAE\\u1EB4\\u1EB2\\u0226\\u01E0\\u00C4\\u01DE\\u1EA2\\u00C5\\u01FA\\u01CD\\u0200\\u0202\\u1EA0\\u1EAC\\u1EB6\\u1E00\\u0104\\u023A\\u2C6F]","AA":"[\\uA732]","AE":"[\\u00C6\\u01FC\\u01E2]","AO":"[\\uA734]","AU":"[\\uA736]","AV":"[\\uA738\\uA73A]","AY":"[\\uA73C]","B":"[\\u0042\\u24B7\\uFF22\\u1E02\\u1E04\\u1E06\\u0243\\u0182\\u0181]","C":"[\\u0043\\u24B8\\uFF23\\u0106\\u0108\\u010A\\u010C\\u00C7\\u1E08\\u0187\\u023B\\uA73E]","D":"[\\u0044\\u24B9\\uFF24\\u1E0A\\u010E\\u1E0C\\u1E10\\u1E12\\u1E0E\\u0110\\u018B\\u018A\\u0189\\uA779]","DZ":"[\\u01F1\\u01C4]","Dz":"[\\u01F2\\u01C5]","E":"[\\u0045\\u24BA\\uFF25\\u00C8\\u00C9\\u00CA\\u1EC0\\u1EBE\\u1EC4\\u1EC2\\u1EBC\\u0112\\u1E14\\u1E16\\u0114\\u0116\\u00CB\\u1EBA\\u011A\\u0204\\u0206\\u1EB8\\u1EC6\\u0228\\u1E1C\\u0118\\u1E18\\u1E1A\\u0190\\u018E]","F":"[\\u0046\\u24BB\\uFF26\\u1E1E\\u0191\\uA77B]","G":"[\\u0047\\u24BC\\uFF27\\u01F4\\u011C\\u1E20\\u011E\\u0120\\u01E6\\u0122\\u01E4\\u0193\\uA7A0\\uA77D\\uA77E]","H":"[\\u0048\\u24BD\\uFF28\\u0124\\u1E22\\u1E26\\u021E\\u1E24\\u1E28\\u1E2A\\u0126\\u2C67\\u2C75\\uA78D]","I":"[\\u0049\\u24BE\\uFF29\\u00CC\\u00CD\\u00CE\\u0128\\u012A\\u012C\\u0130\\u00CF\\u1E2E\\u1EC8\\u01CF\\u0208\\u020A\\u1ECA\\u012E\\u1E2C\\u0197]","J":"[\\u004A\\u24BF\\uFF2A\\u0134\\u0248]","K":"[\\u004B\\u24C0\\uFF2B\\u1E30\\u01E8\\u1E32\\u0136\\u1E34\\u0198\\u2C69\\uA740\\uA742\\uA744\\uA7A2]","L":"[\\u004C\\u24C1\\uFF2C\\u013F\\u0139\\u013D\\u1E36\\u1E38\\u013B\\u1E3C\\u1E3A\\u0141\\u023D\\u2C62\\u2C60\\uA748\\uA746\\uA780]","LJ":"[\\u01C7]","Lj":"[\\u01C8]","M":"[\\u004D\\u24C2\\uFF2D\\u1E3E\\u1E40\\u1E42\\u2C6E\\u019C]","N":"[\\u004E\\u24C3\\uFF2E\\u01F8\\u0143\\u00D1\\u1E44\\u0147\\u1E46\\u0145\\u1E4A\\u1E48\\u0220\\u019D\\uA790\\uA7A4]","NJ":"[\\u01CA]","Nj":"[\\u01CB]","O":"[\\u004F\\u24C4\\uFF2F\\u00D2\\u00D3\\u00D4\\u1ED2\\u1ED0\\u1ED6\\u1ED4\\u00D5\\u1E4C\\u022C\\u1E4E\\u014C\\u1E50\\u1E52\\u014E\\u022E\\u0230\\u00D6\\u022A\\u1ECE\\u0150\\u01D1\\u020C\\u020E\\u01A0\\u1EDC\\u1EDA\\u1EE0\\u1EDE\\u1EE2\\u1ECC\\u1ED8\\u01EA\\u01EC\\u00D8\\u01FE\\u0186\\u019F\\uA74A\\uA74C]","OI":"[\\u01A2]","OO":"[\\uA74E]","OU":"[\\u0222]","P":"[\\u0050\\u24C5\\uFF30\\u1E54\\u1E56\\u01A4\\u2C63\\uA750\\uA752\\uA754]","Q":"[\\u0051\\u24C6\\uFF31\\uA756\\uA758\\u024A]","R":"[\\u0052\\u24C7\\uFF32\\u0154\\u1E58\\u0158\\u0210\\u0212\\u1E5A\\u1E5C\\u0156\\u1E5E\\u024C\\u2C64\\uA75A\\uA7A6\\uA782]","S":"[\\u0053\\u24C8\\uFF33\\u1E9E\\u015A\\u1E64\\u015C\\u1E60\\u0160\\u1E66\\u1E62\\u1E68\\u0218\\u015E\\u2C7E\\uA7A8\\uA784]","T":"[\\u0054\\u24C9\\uFF34\\u1E6A\\u0164\\u1E6C\\u021A\\u0162\\u1E70\\u1E6E\\u0166\\u01AC\\u01AE\\u023E\\uA786]","TZ":"[\\uA728]","U":"[\\u0055\\u24CA\\uFF35\\u00D9\\u00DA\\u00DB\\u0168\\u1E78\\u016A\\u1E7A\\u016C\\u00DC\\u01DB\\u01D7\\u01D5\\u01D9\\u1EE6\\u016E\\u0170\\u01D3\\u0214\\u0216\\u01AF\\u1EEA\\u1EE8\\u1EEE\\u1EEC\\u1EF0\\u1EE4\\u1E72\\u0172\\u1E76\\u1E74\\u0244]","V":"[\\u0056\\u24CB\\uFF36\\u1E7C\\u1E7E\\u01B2\\uA75E\\u0245]","VY":"[\\uA760]","W":"[\\u0057\\u24CC\\uFF37\\u1E80\\u1E82\\u0174\\u1E86\\u1E84\\u1E88\\u2C72]","X":"[\\u0058\\u24CD\\uFF38\\u1E8A\\u1E8C]","Y":"[\\u0059\\u24CE\\uFF39\\u1EF2\\u00DD\\u0176\\u1EF8\\u0232\\u1E8E\\u0178\\u1EF6\\u1EF4\\u01B3\\u024E\\u1EFE]","Z":"[\\u005A\\u24CF\\uFF3A\\u0179\\u1E90\\u017B\\u017D\\u1E92\\u1E94\\u01B5\\u0224\\u2C7F\\u2C6B\\uA762]","a":"[\\u0061\\u24D0\\uFF41\\u1E9A\\u00E0\\u00E1\\u00E2\\u1EA7\\u1EA5\\u1EAB\\u1EA9\\u00E3\\u0101\\u0103\\u1EB1\\u1EAF\\u1EB5\\u1EB3\\u0227\\u01E1\\u00E4\\u01DF\\u1EA3\\u00E5\\u01FB\\u01CE\\u0201\\u0203\\u1EA1\\u1EAD\\u1EB7\\u1E01\\u0105\\u2C65\\u0250]","aa":"[\\uA733]","ae":"[\\u00E6\\u01FD\\u01E3]","ao":"[\\uA735]","au":"[\\uA737]","av":"[\\uA739\\uA73B]","ay":"[\\uA73D]","b":"[\\u0062\\u24D1\\uFF42\\u1E03\\u1E05\\u1E07\\u0180\\u0183\\u0253]","c":"[\\u0063\\u24D2\\uFF43\\u0107\\u0109\\u010B\\u010D\\u00E7\\u1E09\\u0188\\u023C\\uA73F\\u2184]","d":"[\\u0064\\u24D3\\uFF44\\u1E0B\\u010F\\u1E0D\\u1E11\\u1E13\\u1E0F\\u0111\\u018C\\u0256\\u0257\\uA77A]","dz":"[\\u01F3\\u01C6]","e":"[\\u0065\\u24D4\\uFF45\\u00E8\\u00E9\\u00EA\\u1EC1\\u1EBF\\u1EC5\\u1EC3\\u1EBD\\u0113\\u1E15\\u1E17\\u0115\\u0117\\u00EB\\u1EBB\\u011B\\u0205\\u0207\\u1EB9\\u1EC7\\u0229\\u1E1D\\u0119\\u1E19\\u1E1B\\u0247\\u025B\\u01DD]","f":"[\\u0066\\u24D5\\uFF46\\u1E1F\\u0192\\uA77C]","g":"[\\u0067\\u24D6\\uFF47\\u01F5\\u011D\\u1E21\\u011F\\u0121\\u01E7\\u0123\\u01E5\\u0260\\uA7A1\\u1D79\\uA77F]","h":"[\\u0068\\u24D7\\uFF48\\u0125\\u1E23\\u1E27\\u021F\\u1E25\\u1E29\\u1E2B\\u1E96\\u0127\\u2C68\\u2C76\\u0265]","hv":"[\\u0195]","i":"[\\u0069\\u24D8\\uFF49\\u00EC\\u00ED\\u00EE\\u0129\\u012B\\u012D\\u00EF\\u1E2F\\u1EC9\\u01D0\\u0209\\u020B\\u1ECB\\u012F\\u1E2D\\u0268\\u0131]","j":"[\\u006A\\u24D9\\uFF4A\\u0135\\u01F0\\u0249]","k":"[\\u006B\\u24DA\\uFF4B\\u1E31\\u01E9\\u1E33\\u0137\\u1E35\\u0199\\u2C6A\\uA741\\uA743\\uA745\\uA7A3]","l":"[\\u006C\\u24DB\\uFF4C\\u0140\\u013A\\u013E\\u1E37\\u1E39\\u013C\\u1E3D\\u1E3B\\u017F\\u0142\\u019A\\u026B\\u2C61\\uA749\\uA781\\uA747]","lj":"[\\u01C9]","m":"[\\u006D\\u24DC\\uFF4D\\u1E3F\\u1E41\\u1E43\\u0271\\u026F]","n":"[\\u006E\\u24DD\\uFF4E\\u01F9\\u0144\\u00F1\\u1E45\\u0148\\u1E47\\u0146\\u1E4B\\u1E49\\u019E\\u0272\\u0149\\uA791\\uA7A5]","nj":"[\\u01CC]","o":"[\\u006F\\u24DE\\uFF4F\\u00F2\\u00F3\\u00F4\\u1ED3\\u1ED1\\u1ED7\\u1ED5\\u00F5\\u1E4D\\u022D\\u1E4F\\u014D\\u1E51\\u1E53\\u014F\\u022F\\u0231\\u00F6\\u022B\\u1ECF\\u0151\\u01D2\\u020D\\u020F\\u01A1\\u1EDD\\u1EDB\\u1EE1\\u1EDF\\u1EE3\\u1ECD\\u1ED9\\u01EB\\u01ED\\u00F8\\u01FF\\u0254\\uA74B\\uA74D\\u0275]","oi":"[\\u01A3]","ou":"[\\u0223]","oo":"[\\uA74F]","p":"[\\u0070\\u24DF\\uFF50\\u1E55\\u1E57\\u01A5\\u1D7D\\uA751\\uA753\\uA755]","q":"[\\u0071\\u24E0\\uFF51\\u024B\\uA757\\uA759]","r":"[\\u0072\\u24E1\\uFF52\\u0155\\u1E59\\u0159\\u0211\\u0213\\u1E5B\\u1E5D\\u0157\\u1E5F\\u024D\\u027D\\uA75B\\uA7A7\\uA783]","s":"[\\u0073\\u24E2\\uFF53\\u015B\\u1E65\\u015D\\u1E61\\u0161\\u1E67\\u1E63\\u1E69\\u0219\\u015F\\u023F\\uA7A9\\uA785\\u1E9B]","ss":"[\\u00DF]","t":"[\\u0074\\u24E3\\uFF54\\u1E6B\\u1E97\\u0165\\u1E6D\\u021B\\u0163\\u1E71\\u1E6F\\u0167\\u01AD\\u0288\\u2C66\\uA787]","tz":"[\\uA729]","u":"[\\u0075\\u24E4\\uFF55\\u00F9\\u00FA\\u00FB\\u0169\\u1E79\\u016B\\u1E7B\\u016D\\u00FC\\u01DC\\u01D8\\u01D6\\u01DA\\u1EE7\\u016F\\u0171\\u01D4\\u0215\\u0217\\u01B0\\u1EEB\\u1EE9\\u1EEF\\u1EED\\u1EF1\\u1EE5\\u1E73\\u0173\\u1E77\\u1E75\\u0289]","v":"[\\u0076\\u24E5\\uFF56\\u1E7D\\u1E7F\\u028B\\uA75F\\u028C]","vy":"[\\uA761]","w":"[\\u0077\\u24E6\\uFF57\\u1E81\\u1E83\\u0175\\u1E87\\u1E85\\u1E98\\u1E89\\u2C73]","x":"[\\u0078\\u24E7\\uFF58\\u1E8B\\u1E8D]","y":"[\\u0079\\u24E8\\uFF59\\u1EF3\\u00FD\\u0177\\u1EF9\\u0233\\u1E8F\\u00FF\\u1EF7\\u1E99\\u1EF5\\u01B4\\u024F\\u1EFF]","z":"[\\u007A\\u24E9\\uFF5A\\u017A\\u1E91\\u017C\\u017E\\u1E93\\u1E95\\u01B6\\u0225\\u0240\\u2C6C\\uA763]"},"researchesTests":["contentHasTOC","contentHasShortParagraphs","contentHasAssets","keywordInTitle","keywordInMetaDescription","keywordInPermalink","keywordIn10Percent","keywordInContent","keywordInSubheadings","keywordInImageAlt","keywordDensity","keywordNotUsed","lengthContent","lengthPermalink","linksHasInternal","linksHasExternals","linksNotAllExternals","titleStartWithKeyword","titleSentiment","titleHasPowerWords","titleHasNumber","hasContentAI"],"hasRedirection":false,"hasBreadcrumb":true},"homeUrl":"https:\/\/nhamaymem.click","objectID":941,"objectType":"post","locale":"vi","localeFull":"vi","overlayImages":{"play":{"name":"Bi\u1ec3u t\u01b0\u1ee3ng ph\u00e1t","url":"https:\/\/nhamaymem.click\/wp-content\/plugins\/seo-by-rank-math\/assets\/admin\/img\/icon-play.png","path":"\/home\/nhamayme\/public_html\/wp-content\/plugins\/seo-by-rank-math\/assets\/admin\/img\/icon-play.png","position":"middle_center"},"gif":{"name":"Bi\u1ec3u t\u01b0\u1ee3ng GIF","url":"https:\/\/nhamaymem.click\/wp-content\/plugins\/seo-by-rank-math\/assets\/admin\/img\/icon-gif.png","path":"\/home\/nhamayme\/public_html\/wp-content\/plugins\/seo-by-rank-math\/assets\/admin\/img\/icon-gif.png","position":"middle_center"}},"defautOgImage":"https:\/\/nhamaymem.click\/wp-content\/plugins\/seo-by-rank-math\/assets\/admin\/img\/social-placeholder.jpg","customPermalinks":false,"isUserRegistered":false,"autoSuggestKeywords":false,"connectSiteUrl":"https:\/\/rankmath.com\/auth?site=https%3A%2F%2Fnhamaymem.click&r=https%3A%2F%2Fnhamaymem.click%2Findex.php%3Frest_route%3D%252Fwp%252Fv2%252Fpages%252F941%26nonce%3D5b786f3be2","maxTags":5,"trendsIcon":"<svg viewBox=\"0 0 610 610\"><path d=\"M18.85,446,174.32,290.48l58.08,58.08L76.93,504a14.54,14.54,0,0,1-20.55,0L18.83,466.48a14.54,14.54,0,0,1,0-20.55Z\" style=\"fill:#4285f4\"\/><path d=\"M242.65,242.66,377.59,377.6l-47.75,47.75a14.54,14.54,0,0,1-20.55,0L174.37,290.43l47.75-47.75A14.52,14.52,0,0,1,242.65,242.66Z\" style=\"fill:#ea4335\"\/><polygon points=\"319.53 319.53 479.26 159.8 537.34 217.88 377.61 377.62 319.53 319.53\" style=\"fill:#fabb05\"\/><path d=\"M594.26,262.73V118.61h0a16.94,16.94,0,0,0-16.94-16.94H433.2a16.94,16.94,0,0,0-12,28.92L565.34,274.71h0a16.94,16.94,0,0,0,28.92-12Z\" style=\"fill:#34a853\"\/><rect width=\"610\" height=\"610\" style=\"fill:none\"\/><\/svg>","showScore":true,"siteFavIcon":"https:\/\/nhamaymem.click\/wp-content\/uploads\/2025\/11\/cropped-cropped-Yellow-and-Green-Elegant-Minimalist-Crochet-Logo-1-32x32.png","canUser":{"general":false,"advanced":false,"snippet":false,"social":false,"analysis":false,"analytics":false,"content_ai":false},"showKeywordIntent":true,"isPro":false,"is_front_page":false,"trendsUpgradeLink":"https:\/\/rankmath.com\/pricing\/?utm_source=Plugin&utm_medium=CE%20General%20Tab%20Trends&utm_campaign=WP","trendsUpgradeLabel":"N\u00e2ng c\u1ea5p","trendsPreviewImage":"https:\/\/nhamaymem.click\/wp-content\/plugins\/seo-by-rank-math\/assets\/admin\/img\/trends-preview.jpg","currentEditor":false,"homepageData":{"assessor":{"powerWords":[],"diacritics":true,"researchesTests":["contentHasTOC","contentHasShortParagraphs","contentHasAssets","keywordInTitle","keywordInMetaDescription","keywordInPermalink","keywordIn10Percent","keywordInContent","keywordInSubheadings","keywordInImageAlt","keywordDensity","keywordNotUsed","lengthContent","lengthPermalink","linksHasInternal","linksHasExternals","linksNotAllExternals","titleStartWithKeyword","titleSentiment","titleHasPowerWords","titleHasNumber","hasContentAI"],"hasBreadcrumb":true,"serpData":{"title":"%sitename% %page% %sep% %sitedesc%","description":"","titleTemplate":"%sitename% %page% %sep% %sitedesc%","descriptionTemplate":"","focusKeywords":"","breadcrumbTitle":"Trang ch\u1ee7","robots":{"index":true},"advancedRobots":[],"facebookTitle":"","facebookDescription":"","facebookImage":"","facebookImageID":""}}},"tocTitle":"Table of Contents","tocExcludeHeadings":[],"listStyle":"ul"},"jetpack_sharing_enabled":true,"_links":{"self":[{"href":"https:\/\/nhamaymem.click\/index.php?rest_route=\/wp\/v2\/pages\/941","targetHints":{"allow":["GET"]}}],"collection":[{"href":"https:\/\/nhamaymem.click\/index.php?rest_route=\/wp\/v2\/pages"}],"about":[{"href":"https:\/\/nhamaymem.click\/index.php?rest_route=\/wp\/v2\/types\/page"}],"author":[{"embeddable":true,"href":"https:\/\/nhamaymem.click\/index.php?rest_route=\/wp\/v2\/users\/12"}],"replies":[{"embeddable":true,"href":"https:\/\/nhamaymem.click\/index.php?rest_route=%2Fwp%2Fv2%2Fcomments&post=941"}],"version-history":[{"count":13,"href":"https:\/\/nhamaymem.click\/index.php?rest_route=\/wp\/v2\/pages\/941\/revisions"}],"predecessor-version":[{"id":1071,"href":"https:\/\/nhamaymem.click\/index.php?rest_route=\/wp\/v2\/pages\/941\/revisions\/1071"}],"wp:attachment":[{"href":"https:\/\/nhamaymem.click\/index.php?rest_route=%2Fwp%2Fv2%2Fmedia&parent=941"}],"curies":[{"name":"wp","href":"https:\/\/api.w.org\/{rel}","templated":true}]}}